{"id":6662,"date":"2023-08-01T13:13:42","date_gmt":"2023-08-01T11:13:42","guid":{"rendered":"https:\/\/bikewash.lt\/?post_type=product&#038;p=6662"},"modified":"2023-08-09T17:59:05","modified_gmt":"2023-08-09T15:59:05","slug":"michelin-akumuliatorine-oro-pompa","status":"publish","type":"product","link":"https:\/\/bikewash.lt\/en\/product\/michelin-akumuliatorine-oro-pompa\/","title":{"rendered":"Michelin battery-powered air pump"},"content":{"rendered":"<p>Michelin battery-powered air pump - 8 bar<\/p>\n<ul>\n<li>Compact design<\/li>\n<li>Bike rack included<\/li>\n<li>Integrated LED light for pumping in the dark<\/li>\n<li>Valve: Schrader and Presta - 8 bar<\/li>\n<li>12.8 volt battery<\/li>\n<\/ul>\n<p>The pump body is plastic. Battery life: 7 - 8 minutes. Charging time: 2 - 3 hours. The Michelin analogue pump can inflate up to 8 bicycle tyres on a single battery charge. With an air pressure of up to 8 bar, it can also be used for motorcycles and cars without any problems. The integrated bike rack makes the battery pump the ideal travel companion. The LED light on the front of the pump allows it to be used at night. The charger for the integrated 12.8 volt battery is included in the delivery. The multifunctional pump head can be rotated and has an attachment for Schader and Presta valves.<\/p>","protected":false},"excerpt":{"rendered":"<p>Michelin Cordless Air Pump - 8 bar. Battery life of the pump: 7 - 8 minutes, charging time: 2 - 3 hours. Up to 8 bicycle tyres can be inflated with a single battery charge with the Michelin analogue pump.<\/p>","protected":false},"featured_media":6663,"template":"","meta":{"ocean_post_layout":"","ocean_both_sidebars_style":"","ocean_both_sidebars_content_width":0,"ocean_both_sidebars_sidebars_width":0,"ocean_sidebar":"0","ocean_second_sidebar":"0","ocean_disable_margins":"enable","ocean_add_body_class":"","ocean_shortcode_before_top_bar":"","ocean_shortcode_after_top_bar":"","ocean_shortcode_before_header":"","ocean_shortcode_after_header":"","ocean_has_shortcode":"","ocean_shortcode_after_title":"","ocean_shortcode_before_footer_widgets":"","ocean_shortcode_after_footer_widgets":"","ocean_shortcode_before_footer_bottom":"","ocean_shortcode_after_footer_bottom":"","ocean_display_top_bar":"default","ocean_display_header":"default","ocean_header_style":"","ocean_center_header_left_menu":"0","ocean_custom_header_template":"0","ocean_custom_logo":0,"ocean_custom_retina_logo":0,"ocean_custom_logo_max_width":0,"ocean_custom_logo_tablet_max_width":0,"ocean_custom_logo_mobile_max_width":0,"ocean_custom_logo_max_height":0,"ocean_custom_logo_tablet_max_height":0,"ocean_custom_logo_mobile_max_height":0,"ocean_header_custom_menu":"0","ocean_menu_typo_font_family":"0","ocean_menu_typo_font_subset":"","ocean_menu_typo_font_size":0,"ocean_menu_typo_font_size_tablet":0,"ocean_menu_typo_font_size_mobile":0,"ocean_menu_typo_font_size_unit":"px","ocean_menu_typo_font_weight":"","ocean_menu_typo_font_weight_tablet":"","ocean_menu_typo_font_weight_mobile":"","ocean_menu_typo_transform":"","ocean_menu_typo_transform_tablet":"","ocean_menu_typo_transform_mobile":"","ocean_menu_typo_line_height":0,"ocean_menu_typo_line_height_tablet":0,"ocean_menu_typo_line_height_mobile":0,"ocean_menu_typo_line_height_unit":"","ocean_menu_typo_spacing":0,"ocean_menu_typo_spacing_tablet":0,"ocean_menu_typo_spacing_mobile":0,"ocean_menu_typo_spacing_unit":"","ocean_menu_link_color":"","ocean_menu_link_color_hover":"","ocean_menu_link_color_active":"","ocean_menu_link_background":"","ocean_menu_link_hover_background":"","ocean_menu_link_active_background":"","ocean_menu_social_links_bg":"","ocean_menu_social_hover_links_bg":"","ocean_menu_social_links_color":"","ocean_menu_social_hover_links_color":"","ocean_disable_title":"default","ocean_disable_heading":"default","ocean_post_title":"","ocean_post_subheading":"","ocean_post_title_style":"","ocean_post_title_background_color":"","ocean_post_title_background":0,"ocean_post_title_bg_image_position":"","ocean_post_title_bg_image_attachment":"","ocean_post_title_bg_image_repeat":"","ocean_post_title_bg_image_size":"","ocean_post_title_height":0,"ocean_post_title_bg_overlay":0.5,"ocean_post_title_bg_overlay_color":"","ocean_disable_breadcrumbs":"default","ocean_breadcrumbs_color":"","ocean_breadcrumbs_separator_color":"","ocean_breadcrumbs_links_color":"","ocean_breadcrumbs_links_hover_color":"","ocean_display_footer_widgets":"default","ocean_display_footer_bottom":"default","ocean_custom_footer_template":"0"},"product_brand":[],"product_cat":[97],"product_tag":[],"class_list":{"0":"post-6662","1":"product","2":"type-product","3":"status-publish","4":"has-post-thumbnail","6":"product_cat-pompos","8":"entry","9":"has-media","11":"first","12":"instock","13":"taxable","14":"shipping-taxable","15":"purchasable","16":"product-type-simple","17":"col","18":"span_1_of_3","19":"owp-content-center","20":"owp-thumbs-layout-horizontal","21":"owp-btn-normal","22":"owp-tabs-layout-horizontal","23":"circle-sale"},"yoast_head":"<!-- This site is optimized with the Yoast SEO plugin v25.6 - https:\/\/yoast.com\/wordpress\/plugins\/seo\/ -->\n<title>\u201eMichelin\u201c akumuliatorin\u0117 oro pompa &#8226; Dvira\u010di\u0173 plovyklos<\/title>\n<meta name=\"robots\" content=\"index, follow, max-snippet:-1, max-image-preview:large, max-video-preview:-1\" \/>\n<link rel=\"canonical\" href=\"https:\/\/bikewash.lt\/en\/product\/michelin-akumuliatorine-oro-pompa\/\" \/>\n<meta property=\"og:locale\" content=\"en_GB\" \/>\n<meta property=\"og:type\" content=\"article\" \/>\n<meta property=\"og:title\" content=\"\u201eMichelin\u201c akumuliatorin\u0117 oro pompa &#8226; Dvira\u010di\u0173 plovyklos\" \/>\n<meta property=\"og:description\" content=\"\u201eMichelin\u201c akumuliatorin\u0117 oro pompa - 8 barai. Pompos baterijos veikimo laikas: 7 - 8 minut\u0117s, \u012fkrovimo laikas: 2 - 3 valandos. Su analogin\u0117s \u201eMichelin\u201c pompos vienu akumuliatoriaus \u012fkrovimu galima prip\u016bsti iki 8 dvira\u010dio padang\u0173.\" \/>\n<meta property=\"og:url\" content=\"https:\/\/bikewash.lt\/en\/product\/michelin-akumuliatorine-oro-pompa\/\" \/>\n<meta property=\"og:site_name\" content=\"Dvira\u010di\u0173 plovyklos\" \/>\n<meta property=\"article:publisher\" content=\"https:\/\/www.facebook.com\/bikewashLT\/\" \/>\n<meta property=\"article:modified_time\" content=\"2023-08-09T15:59:05+00:00\" \/>\n<meta property=\"og:image\" content=\"http:\/\/bikewash.lt\/wp-content\/uploads\/2023\/08\/Pompa-8bar-2.webp\" \/>\n\t<meta property=\"og:image:width\" content=\"1417\" \/>\n\t<meta property=\"og:image:height\" content=\"1417\" \/>\n\t<meta property=\"og:image:type\" content=\"image\/webp\" \/>\n<meta name=\"twitter:card\" content=\"summary_large_image\" \/>\n<meta name=\"twitter:label1\" content=\"Estimated reading time\" \/>\n\t<meta name=\"twitter:data1\" content=\"1 minute\" \/>\n<script type=\"application\/ld+json\" class=\"yoast-schema-graph\">{\"@context\":\"https:\/\/schema.org\",\"@graph\":[{\"@type\":\"WebPage\",\"@id\":\"https:\/\/bikewash.lt\/produktas\/michelin-akumuliatorine-oro-pompa\/\",\"url\":\"https:\/\/bikewash.lt\/produktas\/michelin-akumuliatorine-oro-pompa\/\",\"name\":\"\u201eMichelin\u201c akumuliatorin\u0117 oro pompa &#8226; Dvira\u010di\u0173 plovyklos\",\"isPartOf\":{\"@id\":\"https:\/\/bikewash.lt\/#website\"},\"primaryImageOfPage\":{\"@id\":\"https:\/\/bikewash.lt\/produktas\/michelin-akumuliatorine-oro-pompa\/#primaryimage\"},\"image\":{\"@id\":\"https:\/\/bikewash.lt\/produktas\/michelin-akumuliatorine-oro-pompa\/#primaryimage\"},\"thumbnailUrl\":\"https:\/\/bikewash.lt\/wp-content\/uploads\/2023\/08\/Pompa-8bar-2.webp\",\"datePublished\":\"2023-08-01T11:13:42+00:00\",\"dateModified\":\"2023-08-09T15:59:05+00:00\",\"breadcrumb\":{\"@id\":\"https:\/\/bikewash.lt\/produktas\/michelin-akumuliatorine-oro-pompa\/#breadcrumb\"},\"inLanguage\":\"en-GB\",\"potentialAction\":[{\"@type\":\"ReadAction\",\"target\":[\"https:\/\/bikewash.lt\/produktas\/michelin-akumuliatorine-oro-pompa\/\"]}]},{\"@type\":\"ImageObject\",\"inLanguage\":\"en-GB\",\"@id\":\"https:\/\/bikewash.lt\/produktas\/michelin-akumuliatorine-oro-pompa\/#primaryimage\",\"url\":\"https:\/\/bikewash.lt\/wp-content\/uploads\/2023\/08\/Pompa-8bar-2.webp\",\"contentUrl\":\"https:\/\/bikewash.lt\/wp-content\/uploads\/2023\/08\/Pompa-8bar-2.webp\",\"width\":1417,\"height\":1417},{\"@type\":\"BreadcrumbList\",\"@id\":\"https:\/\/bikewash.lt\/produktas\/michelin-akumuliatorine-oro-pompa\/#breadcrumb\",\"itemListElement\":[{\"@type\":\"ListItem\",\"position\":1,\"name\":\"Home\",\"item\":\"https:\/\/bikewash.lt\/\"},{\"@type\":\"ListItem\",\"position\":2,\"name\":\"Parduotuv\u0117\",\"item\":\"https:\/\/bikewash.lt\/parduotuve\/\"},{\"@type\":\"ListItem\",\"position\":3,\"name\":\"\u201eMichelin\u201c akumuliatorin\u0117 oro pompa\"}]},{\"@type\":\"WebSite\",\"@id\":\"https:\/\/bikewash.lt\/#website\",\"url\":\"https:\/\/bikewash.lt\/\",\"name\":\"Dvira\u010di\u0173 plovyklos\",\"description\":\"Dvira\u010di\u0173, paspirtuk\u0173 plovykla ir lauko kavin\u0117.\",\"publisher\":{\"@id\":\"https:\/\/bikewash.lt\/#organization\"},\"potentialAction\":[{\"@type\":\"SearchAction\",\"target\":{\"@type\":\"EntryPoint\",\"urlTemplate\":\"https:\/\/bikewash.lt\/?s={search_term_string}\"},\"query-input\":{\"@type\":\"PropertyValueSpecification\",\"valueRequired\":true,\"valueName\":\"search_term_string\"}}],\"inLanguage\":\"en-GB\"},{\"@type\":\"Organization\",\"@id\":\"https:\/\/bikewash.lt\/#organization\",\"name\":\"Bikewash\",\"url\":\"https:\/\/bikewash.lt\/\",\"logo\":{\"@type\":\"ImageObject\",\"inLanguage\":\"en-GB\",\"@id\":\"https:\/\/bikewash.lt\/#\/schema\/logo\/image\/\",\"url\":\"https:\/\/bikewash.lt\/wp-content\/uploads\/2023\/02\/cropped-cropped-BIKEWASH-LOGO-e1680251683988.png\",\"contentUrl\":\"https:\/\/bikewash.lt\/wp-content\/uploads\/2023\/02\/cropped-cropped-BIKEWASH-LOGO-e1680251683988.png\",\"width\":800,\"height\":220,\"caption\":\"Bikewash\"},\"image\":{\"@id\":\"https:\/\/bikewash.lt\/#\/schema\/logo\/image\/\"},\"sameAs\":[\"https:\/\/www.facebook.com\/bikewashLT\/\",\"https:\/\/www.instagram.com\/bikewashlt\/\",\"https:\/\/www.tiktok.com\/@bikewash\"]}]}<\/script>\n<!-- \/ Yoast SEO plugin. -->","yoast_head_json":{"title":"\u201eMichelin\u201c akumuliatorin\u0117 oro pompa &#8226; Dvira\u010di\u0173 plovyklos","robots":{"index":"index","follow":"follow","max-snippet":"max-snippet:-1","max-image-preview":"max-image-preview:large","max-video-preview":"max-video-preview:-1"},"canonical":"https:\/\/bikewash.lt\/en\/product\/michelin-akumuliatorine-oro-pompa\/","og_locale":"en_GB","og_type":"article","og_title":"\u201eMichelin\u201c akumuliatorin\u0117 oro pompa &#8226; Dvira\u010di\u0173 plovyklos","og_description":"\u201eMichelin\u201c akumuliatorin\u0117 oro pompa - 8 barai. Pompos baterijos veikimo laikas: 7 - 8 minut\u0117s, \u012fkrovimo laikas: 2 - 3 valandos. Su analogin\u0117s \u201eMichelin\u201c pompos vienu akumuliatoriaus \u012fkrovimu galima prip\u016bsti iki 8 dvira\u010dio padang\u0173.","og_url":"https:\/\/bikewash.lt\/en\/product\/michelin-akumuliatorine-oro-pompa\/","og_site_name":"Dvira\u010di\u0173 plovyklos","article_publisher":"https:\/\/www.facebook.com\/bikewashLT\/","article_modified_time":"2023-08-09T15:59:05+00:00","og_image":[{"width":1417,"height":1417,"url":"http:\/\/bikewash.lt\/wp-content\/uploads\/2023\/08\/Pompa-8bar-2.webp","type":"image\/webp"}],"twitter_card":"summary_large_image","twitter_misc":{"Estimated reading time":"1 minute"},"schema":{"@context":"https:\/\/schema.org","@graph":[{"@type":"WebPage","@id":"https:\/\/bikewash.lt\/produktas\/michelin-akumuliatorine-oro-pompa\/","url":"https:\/\/bikewash.lt\/produktas\/michelin-akumuliatorine-oro-pompa\/","name":"\u201eMichelin\u201c akumuliatorin\u0117 oro pompa &#8226; Dvira\u010di\u0173 plovyklos","isPartOf":{"@id":"https:\/\/bikewash.lt\/#website"},"primaryImageOfPage":{"@id":"https:\/\/bikewash.lt\/produktas\/michelin-akumuliatorine-oro-pompa\/#primaryimage"},"image":{"@id":"https:\/\/bikewash.lt\/produktas\/michelin-akumuliatorine-oro-pompa\/#primaryimage"},"thumbnailUrl":"https:\/\/bikewash.lt\/wp-content\/uploads\/2023\/08\/Pompa-8bar-2.webp","datePublished":"2023-08-01T11:13:42+00:00","dateModified":"2023-08-09T15:59:05+00:00","breadcrumb":{"@id":"https:\/\/bikewash.lt\/produktas\/michelin-akumuliatorine-oro-pompa\/#breadcrumb"},"inLanguage":"en-GB","potentialAction":[{"@type":"ReadAction","target":["https:\/\/bikewash.lt\/produktas\/michelin-akumuliatorine-oro-pompa\/"]}]},{"@type":"ImageObject","inLanguage":"en-GB","@id":"https:\/\/bikewash.lt\/produktas\/michelin-akumuliatorine-oro-pompa\/#primaryimage","url":"https:\/\/bikewash.lt\/wp-content\/uploads\/2023\/08\/Pompa-8bar-2.webp","contentUrl":"https:\/\/bikewash.lt\/wp-content\/uploads\/2023\/08\/Pompa-8bar-2.webp","width":1417,"height":1417},{"@type":"BreadcrumbList","@id":"https:\/\/bikewash.lt\/produktas\/michelin-akumuliatorine-oro-pompa\/#breadcrumb","itemListElement":[{"@type":"ListItem","position":1,"name":"Home","item":"https:\/\/bikewash.lt\/"},{"@type":"ListItem","position":2,"name":"Parduotuv\u0117","item":"https:\/\/bikewash.lt\/parduotuve\/"},{"@type":"ListItem","position":3,"name":"\u201eMichelin\u201c akumuliatorin\u0117 oro pompa"}]},{"@type":"WebSite","@id":"https:\/\/bikewash.lt\/#website","url":"https:\/\/bikewash.lt\/","name":"Dvira\u010di\u0173 plovyklos","description":"Dvira\u010di\u0173, paspirtuk\u0173 plovykla ir lauko kavin\u0117.","publisher":{"@id":"https:\/\/bikewash.lt\/#organization"},"potentialAction":[{"@type":"SearchAction","target":{"@type":"EntryPoint","urlTemplate":"https:\/\/bikewash.lt\/?s={search_term_string}"},"query-input":{"@type":"PropertyValueSpecification","valueRequired":true,"valueName":"search_term_string"}}],"inLanguage":"en-GB"},{"@type":"Organization","@id":"https:\/\/bikewash.lt\/#organization","name":"Bikewash","url":"https:\/\/bikewash.lt\/","logo":{"@type":"ImageObject","inLanguage":"en-GB","@id":"https:\/\/bikewash.lt\/#\/schema\/logo\/image\/","url":"https:\/\/bikewash.lt\/wp-content\/uploads\/2023\/02\/cropped-cropped-BIKEWASH-LOGO-e1680251683988.png","contentUrl":"https:\/\/bikewash.lt\/wp-content\/uploads\/2023\/02\/cropped-cropped-BIKEWASH-LOGO-e1680251683988.png","width":800,"height":220,"caption":"Bikewash"},"image":{"@id":"https:\/\/bikewash.lt\/#\/schema\/logo\/image\/"},"sameAs":["https:\/\/www.facebook.com\/bikewashLT\/","https:\/\/www.instagram.com\/bikewashlt\/","https:\/\/www.tiktok.com\/@bikewash"]}]}},"jetpack_sharing_enabled":true,"_links":{"self":[{"href":"https:\/\/bikewash.lt\/en\/wp-json\/wp\/v2\/product\/6662"}],"collection":[{"href":"https:\/\/bikewash.lt\/en\/wp-json\/wp\/v2\/product"}],"about":[{"href":"https:\/\/bikewash.lt\/en\/wp-json\/wp\/v2\/types\/product"}],"version-history":[{"count":0,"href":"https:\/\/bikewash.lt\/en\/wp-json\/wp\/v2\/product\/6662\/revisions"}],"wp:featuredmedia":[{"embeddable":true,"href":"https:\/\/bikewash.lt\/en\/wp-json\/wp\/v2\/media\/6663"}],"wp:attachment":[{"href":"https:\/\/bikewash.lt\/en\/wp-json\/wp\/v2\/media?parent=6662"}],"wp:term":[{"taxonomy":"product_brand","embeddable":true,"href":"https:\/\/bikewash.lt\/en\/wp-json\/wp\/v2\/product_brand?post=6662"},{"taxonomy":"product_cat","embeddable":true,"href":"https:\/\/bikewash.lt\/en\/wp-json\/wp\/v2\/product_cat?post=6662"},{"taxonomy":"product_tag","embeddable":true,"href":"https:\/\/bikewash.lt\/en\/wp-json\/wp\/v2\/product_tag?post=6662"}],"curies":[{"name":"wp","href":"https:\/\/api.w.org\/{rel}","templated":true}]}}