{"id":6796,"date":"2024-04-12T19:05:56","date_gmt":"2024-04-12T17:05:56","guid":{"rendered":"https:\/\/bikewash.lt\/?post_type=product&#038;p=6796"},"modified":"2024-04-12T19:28:08","modified_gmt":"2024-04-12T17:28:08","slug":"aqua2go-mobilus-sleginis-ploviklis","status":"publish","type":"product","link":"https:\/\/bikewash.lt\/en\/product\/aqua2go-mobilus-sleginis-ploviklis\/","title":{"rendered":"Aqua2go Mobile Pressure Washer"},"content":{"rendered":"<p>Aqua2go and Aqua2go PRO: Designed for convenience and efficiency, Aqua2go offers a wide range of cleaning options. When returning from a bike ride on muddy or dusty roads. For washing the dog or or perfect for camping.<br \/>\nWhen water is not available, Aqua2go is the solution. Take 17-20 litres of water with you and you can spray for half an hour (without a break) on a single battery charge. If that's not enough, you can continue working with the supplied 12 volt car plug. Aqua2go is a RELIABLE solution.<\/p>\n<p><strong>Smart mobile pressure washer on the go and away from home!<\/strong><\/p>\n<p>\u25ba   Separate portable multifunctional power supply<br \/>\n\u25ba   Works without a fixed electricity and water connection<br \/>\n\u25ba   Rechargeable 2200 mAH lithium-ion battery (220 V), charging time 2 hours<br \/>\n\u25ba   Includes 12 V connection to the car<br \/>\n\u25ba   20L water tank included<br \/>\n\u25ba   30 minutes of continuous use when the battery is full<br \/>\n\u25ba   When using the pump with suction hose, the water capacity is unlimited<br \/>\n\u25ba   Water pressure 3-10 bar<br \/>\n\u25ba   Adjustable spray positions<br \/>\n\u25ba   Lighting with 12V and USB charging function<br \/>\n\u25ba   Convenient storage space for the hose and sprayer<\/p>\n<p><strong><br \/>\nAqua2go PRO comes with:<\/strong><\/p>\n<p>\u25ba   Aqua2go PRO smart portable washing machine<br \/>\n\u25ba   20 litre water tank<br \/>\n\u25ba   Water hose 6 m<br \/>\n\u25ba   Spray nozzle<br \/>\n\u25ba   Shower head<br \/>\n\u25ba   Long brush<br \/>\n\u25ba   12-volt cable for connection to 12 volts in the car<br \/>\n\u25ba   LED flashlight<br \/>\n\u25ba   Length: 34 cm Width: 23 cm Height: 50 cm Weight: 5 kg<\/p>","protected":false},"excerpt":{"rendered":"<p>Aqua2go and Aqua2go PRO: Designed for convenience and efficiency, Aqua2go offers a wide range of cleaning options. When returning from a bike ride on muddy or dusty roads. For washing the dog or or perfect for camping.<br \/>\nWhen water is not available, Aqua2go is the solution. Take 17-20 litres of water with you and you can spray for half an hour (without a break) on a single battery charge. If that's not enough, you can continue working with the supplied 12 volt car plug. Aqua2go is a RELIABLE solution.<\/p>\n<p>Delivery time 3-7 days.<\/p>","protected":false},"featured_media":6811,"template":"","meta":{"ocean_post_layout":"","ocean_both_sidebars_style":"","ocean_both_sidebars_content_width":0,"ocean_both_sidebars_sidebars_width":0,"ocean_sidebar":"0","ocean_second_sidebar":"0","ocean_disable_margins":"enable","ocean_add_body_class":"","ocean_shortcode_before_top_bar":"","ocean_shortcode_after_top_bar":"","ocean_shortcode_before_header":"","ocean_shortcode_after_header":"","ocean_has_shortcode":"","ocean_shortcode_after_title":"","ocean_shortcode_before_footer_widgets":"","ocean_shortcode_after_footer_widgets":"","ocean_shortcode_before_footer_bottom":"","ocean_shortcode_after_footer_bottom":"","ocean_display_top_bar":"default","ocean_display_header":"default","ocean_header_style":"","ocean_center_header_left_menu":"0","ocean_custom_header_template":"0","ocean_custom_logo":0,"ocean_custom_retina_logo":0,"ocean_custom_logo_max_width":0,"ocean_custom_logo_tablet_max_width":0,"ocean_custom_logo_mobile_max_width":0,"ocean_custom_logo_max_height":0,"ocean_custom_logo_tablet_max_height":0,"ocean_custom_logo_mobile_max_height":0,"ocean_header_custom_menu":"0","ocean_menu_typo_font_family":"0","ocean_menu_typo_font_subset":"","ocean_menu_typo_font_size":0,"ocean_menu_typo_font_size_tablet":0,"ocean_menu_typo_font_size_mobile":0,"ocean_menu_typo_font_size_unit":"px","ocean_menu_typo_font_weight":"","ocean_menu_typo_font_weight_tablet":"","ocean_menu_typo_font_weight_mobile":"","ocean_menu_typo_transform":"","ocean_menu_typo_transform_tablet":"","ocean_menu_typo_transform_mobile":"","ocean_menu_typo_line_height":0,"ocean_menu_typo_line_height_tablet":0,"ocean_menu_typo_line_height_mobile":0,"ocean_menu_typo_line_height_unit":"","ocean_menu_typo_spacing":0,"ocean_menu_typo_spacing_tablet":0,"ocean_menu_typo_spacing_mobile":0,"ocean_menu_typo_spacing_unit":"","ocean_menu_link_color":"","ocean_menu_link_color_hover":"","ocean_menu_link_color_active":"","ocean_menu_link_background":"","ocean_menu_link_hover_background":"","ocean_menu_link_active_background":"","ocean_menu_social_links_bg":"","ocean_menu_social_hover_links_bg":"","ocean_menu_social_links_color":"","ocean_menu_social_hover_links_color":"","ocean_disable_title":"default","ocean_disable_heading":"default","ocean_post_title":"","ocean_post_subheading":"","ocean_post_title_style":"","ocean_post_title_background_color":"","ocean_post_title_background":0,"ocean_post_title_bg_image_position":"","ocean_post_title_bg_image_attachment":"","ocean_post_title_bg_image_repeat":"","ocean_post_title_bg_image_size":"","ocean_post_title_height":0,"ocean_post_title_bg_overlay":0.5,"ocean_post_title_bg_overlay_color":"","ocean_disable_breadcrumbs":"default","ocean_breadcrumbs_color":"","ocean_breadcrumbs_separator_color":"","ocean_breadcrumbs_links_color":"","ocean_breadcrumbs_links_hover_color":"","ocean_display_footer_widgets":"default","ocean_display_footer_bottom":"default","ocean_custom_footer_template":"0"},"product_brand":[],"product_cat":[98],"product_tag":[],"class_list":{"0":"post-6796","1":"product","2":"type-product","3":"status-publish","4":"has-post-thumbnail","6":"product_cat-aqua2go","8":"entry","9":"has-media","11":"first","12":"instock","13":"taxable","14":"shipping-taxable","15":"purchasable","16":"product-type-simple","17":"col","18":"span_1_of_3","19":"owp-content-center","20":"owp-thumbs-layout-horizontal","21":"owp-btn-normal","22":"owp-tabs-layout-horizontal","23":"circle-sale"},"yoast_head":"<!-- This site is optimized with the Yoast SEO plugin v25.6 - https:\/\/yoast.com\/wordpress\/plugins\/seo\/ -->\n<title>\u201eAqua2go\u201c mobilus sl\u0117ginis ploviklis &#8226; Dvira\u010di\u0173 plovyklos<\/title>\n<meta name=\"robots\" content=\"index, follow, max-snippet:-1, max-image-preview:large, max-video-preview:-1\" \/>\n<link rel=\"canonical\" href=\"https:\/\/bikewash.lt\/en\/product\/aqua2go-mobilus-sleginis-ploviklis\/\" \/>\n<meta property=\"og:locale\" content=\"en_GB\" \/>\n<meta property=\"og:type\" content=\"article\" \/>\n<meta property=\"og:title\" content=\"\u201eAqua2go\u201c mobilus sl\u0117ginis ploviklis &#8226; Dvira\u010di\u0173 plovyklos\" \/>\n<meta property=\"og:description\" content=\"\u201eAqua2go\u201c ir \u201eAqua2go PRO\u201c: Sukurtas patogumui ir efektyvumui, Aqua2go si\u016blo daugyb\u0119 valymo galimybi\u0173. Gr\u012f\u017etant i\u0161 pasiva\u017ein\u0117jimo dvira\u010diu purvinais ar dulk\u0117tais keliais. Nuplauti \u0161un\u012f ar arba puikiai tinka naudoti stovyklaujant.  Kai n\u0117ra vandens - yra i\u0161eitis \u012fsigyjant \u201eAqua2go\u201c. Su savimi pasiimsite 17\u201320 litr\u0173 vandens ir gal\u0117site purk\u0161ti pusvaland\u012f (be pertraukos) vienu akumuliatoriaus \u012fkrovimu. Jei to neu\u017etenka, galite toliau dirbti su pateiktu 12 volt\u0173 automobiliniu ki\u0161tuku. \u201eAqua2go\u201c yra PATIKIMAS sprendimas.  Pristatymo terminas 3-7 dienos.\" \/>\n<meta property=\"og:url\" content=\"https:\/\/bikewash.lt\/en\/product\/aqua2go-mobilus-sleginis-ploviklis\/\" \/>\n<meta property=\"og:site_name\" content=\"Dvira\u010di\u0173 plovyklos\" \/>\n<meta property=\"article:publisher\" content=\"https:\/\/www.facebook.com\/bikewashLT\/\" \/>\n<meta property=\"article:modified_time\" content=\"2024-04-12T17:28:08+00:00\" \/>\n<meta property=\"og:image\" content=\"http:\/\/bikewash.lt\/wp-content\/uploads\/2024\/04\/Product_PRO-1.webp\" \/>\n\t<meta property=\"og:image:width\" content=\"949\" \/>\n\t<meta property=\"og:image:height\" content=\"945\" \/>\n\t<meta property=\"og:image:type\" content=\"image\/webp\" \/>\n<meta name=\"twitter:card\" content=\"summary_large_image\" \/>\n<meta name=\"twitter:label1\" content=\"Estimated reading time\" \/>\n\t<meta name=\"twitter:data1\" content=\"2 minutes\" \/>\n<script type=\"application\/ld+json\" class=\"yoast-schema-graph\">{\"@context\":\"https:\/\/schema.org\",\"@graph\":[{\"@type\":\"WebPage\",\"@id\":\"https:\/\/bikewash.lt\/produktas\/aqua2go-mobilus-sleginis-ploviklis\/\",\"url\":\"https:\/\/bikewash.lt\/produktas\/aqua2go-mobilus-sleginis-ploviklis\/\",\"name\":\"\u201eAqua2go\u201c mobilus sl\u0117ginis ploviklis &#8226; Dvira\u010di\u0173 plovyklos\",\"isPartOf\":{\"@id\":\"https:\/\/bikewash.lt\/#website\"},\"primaryImageOfPage\":{\"@id\":\"https:\/\/bikewash.lt\/produktas\/aqua2go-mobilus-sleginis-ploviklis\/#primaryimage\"},\"image\":{\"@id\":\"https:\/\/bikewash.lt\/produktas\/aqua2go-mobilus-sleginis-ploviklis\/#primaryimage\"},\"thumbnailUrl\":\"https:\/\/bikewash.lt\/wp-content\/uploads\/2024\/04\/Product_PRO-1.webp\",\"datePublished\":\"2024-04-12T17:05:56+00:00\",\"dateModified\":\"2024-04-12T17:28:08+00:00\",\"breadcrumb\":{\"@id\":\"https:\/\/bikewash.lt\/produktas\/aqua2go-mobilus-sleginis-ploviklis\/#breadcrumb\"},\"inLanguage\":\"en-GB\",\"potentialAction\":[{\"@type\":\"ReadAction\",\"target\":[\"https:\/\/bikewash.lt\/produktas\/aqua2go-mobilus-sleginis-ploviklis\/\"]}]},{\"@type\":\"ImageObject\",\"inLanguage\":\"en-GB\",\"@id\":\"https:\/\/bikewash.lt\/produktas\/aqua2go-mobilus-sleginis-ploviklis\/#primaryimage\",\"url\":\"https:\/\/bikewash.lt\/wp-content\/uploads\/2024\/04\/Product_PRO-1.webp\",\"contentUrl\":\"https:\/\/bikewash.lt\/wp-content\/uploads\/2024\/04\/Product_PRO-1.webp\",\"width\":949,\"height\":945},{\"@type\":\"BreadcrumbList\",\"@id\":\"https:\/\/bikewash.lt\/produktas\/aqua2go-mobilus-sleginis-ploviklis\/#breadcrumb\",\"itemListElement\":[{\"@type\":\"ListItem\",\"position\":1,\"name\":\"Home\",\"item\":\"https:\/\/bikewash.lt\/\"},{\"@type\":\"ListItem\",\"position\":2,\"name\":\"Parduotuv\u0117\",\"item\":\"https:\/\/bikewash.lt\/parduotuve\/\"},{\"@type\":\"ListItem\",\"position\":3,\"name\":\"\u201eAqua2go\u201c mobilus sl\u0117ginis ploviklis\"}]},{\"@type\":\"WebSite\",\"@id\":\"https:\/\/bikewash.lt\/#website\",\"url\":\"https:\/\/bikewash.lt\/\",\"name\":\"Dvira\u010di\u0173 plovyklos\",\"description\":\"Dvira\u010di\u0173, paspirtuk\u0173 plovykla ir lauko kavin\u0117.\",\"publisher\":{\"@id\":\"https:\/\/bikewash.lt\/#organization\"},\"potentialAction\":[{\"@type\":\"SearchAction\",\"target\":{\"@type\":\"EntryPoint\",\"urlTemplate\":\"https:\/\/bikewash.lt\/?s={search_term_string}\"},\"query-input\":{\"@type\":\"PropertyValueSpecification\",\"valueRequired\":true,\"valueName\":\"search_term_string\"}}],\"inLanguage\":\"en-GB\"},{\"@type\":\"Organization\",\"@id\":\"https:\/\/bikewash.lt\/#organization\",\"name\":\"Bikewash\",\"url\":\"https:\/\/bikewash.lt\/\",\"logo\":{\"@type\":\"ImageObject\",\"inLanguage\":\"en-GB\",\"@id\":\"https:\/\/bikewash.lt\/#\/schema\/logo\/image\/\",\"url\":\"https:\/\/bikewash.lt\/wp-content\/uploads\/2023\/02\/cropped-cropped-BIKEWASH-LOGO-e1680251683988.png\",\"contentUrl\":\"https:\/\/bikewash.lt\/wp-content\/uploads\/2023\/02\/cropped-cropped-BIKEWASH-LOGO-e1680251683988.png\",\"width\":800,\"height\":220,\"caption\":\"Bikewash\"},\"image\":{\"@id\":\"https:\/\/bikewash.lt\/#\/schema\/logo\/image\/\"},\"sameAs\":[\"https:\/\/www.facebook.com\/bikewashLT\/\",\"https:\/\/www.instagram.com\/bikewashlt\/\",\"https:\/\/www.tiktok.com\/@bikewash\"]}]}<\/script>\n<!-- \/ Yoast SEO plugin. -->","yoast_head_json":{"title":"\u201eAqua2go\u201c mobilus sl\u0117ginis ploviklis &#8226; Dvira\u010di\u0173 plovyklos","robots":{"index":"index","follow":"follow","max-snippet":"max-snippet:-1","max-image-preview":"max-image-preview:large","max-video-preview":"max-video-preview:-1"},"canonical":"https:\/\/bikewash.lt\/en\/product\/aqua2go-mobilus-sleginis-ploviklis\/","og_locale":"en_GB","og_type":"article","og_title":"\u201eAqua2go\u201c mobilus sl\u0117ginis ploviklis &#8226; Dvira\u010di\u0173 plovyklos","og_description":"\u201eAqua2go\u201c ir \u201eAqua2go PRO\u201c: Sukurtas patogumui ir efektyvumui, Aqua2go si\u016blo daugyb\u0119 valymo galimybi\u0173. Gr\u012f\u017etant i\u0161 pasiva\u017ein\u0117jimo dvira\u010diu purvinais ar dulk\u0117tais keliais. Nuplauti \u0161un\u012f ar arba puikiai tinka naudoti stovyklaujant.  Kai n\u0117ra vandens - yra i\u0161eitis \u012fsigyjant \u201eAqua2go\u201c. Su savimi pasiimsite 17\u201320 litr\u0173 vandens ir gal\u0117site purk\u0161ti pusvaland\u012f (be pertraukos) vienu akumuliatoriaus \u012fkrovimu. Jei to neu\u017etenka, galite toliau dirbti su pateiktu 12 volt\u0173 automobiliniu ki\u0161tuku. \u201eAqua2go\u201c yra PATIKIMAS sprendimas.  Pristatymo terminas 3-7 dienos.","og_url":"https:\/\/bikewash.lt\/en\/product\/aqua2go-mobilus-sleginis-ploviklis\/","og_site_name":"Dvira\u010di\u0173 plovyklos","article_publisher":"https:\/\/www.facebook.com\/bikewashLT\/","article_modified_time":"2024-04-12T17:28:08+00:00","og_image":[{"width":949,"height":945,"url":"http:\/\/bikewash.lt\/wp-content\/uploads\/2024\/04\/Product_PRO-1.webp","type":"image\/webp"}],"twitter_card":"summary_large_image","twitter_misc":{"Estimated reading time":"2 minutes"},"schema":{"@context":"https:\/\/schema.org","@graph":[{"@type":"WebPage","@id":"https:\/\/bikewash.lt\/produktas\/aqua2go-mobilus-sleginis-ploviklis\/","url":"https:\/\/bikewash.lt\/produktas\/aqua2go-mobilus-sleginis-ploviklis\/","name":"\u201eAqua2go\u201c mobilus sl\u0117ginis ploviklis &#8226; Dvira\u010di\u0173 plovyklos","isPartOf":{"@id":"https:\/\/bikewash.lt\/#website"},"primaryImageOfPage":{"@id":"https:\/\/bikewash.lt\/produktas\/aqua2go-mobilus-sleginis-ploviklis\/#primaryimage"},"image":{"@id":"https:\/\/bikewash.lt\/produktas\/aqua2go-mobilus-sleginis-ploviklis\/#primaryimage"},"thumbnailUrl":"https:\/\/bikewash.lt\/wp-content\/uploads\/2024\/04\/Product_PRO-1.webp","datePublished":"2024-04-12T17:05:56+00:00","dateModified":"2024-04-12T17:28:08+00:00","breadcrumb":{"@id":"https:\/\/bikewash.lt\/produktas\/aqua2go-mobilus-sleginis-ploviklis\/#breadcrumb"},"inLanguage":"en-GB","potentialAction":[{"@type":"ReadAction","target":["https:\/\/bikewash.lt\/produktas\/aqua2go-mobilus-sleginis-ploviklis\/"]}]},{"@type":"ImageObject","inLanguage":"en-GB","@id":"https:\/\/bikewash.lt\/produktas\/aqua2go-mobilus-sleginis-ploviklis\/#primaryimage","url":"https:\/\/bikewash.lt\/wp-content\/uploads\/2024\/04\/Product_PRO-1.webp","contentUrl":"https:\/\/bikewash.lt\/wp-content\/uploads\/2024\/04\/Product_PRO-1.webp","width":949,"height":945},{"@type":"BreadcrumbList","@id":"https:\/\/bikewash.lt\/produktas\/aqua2go-mobilus-sleginis-ploviklis\/#breadcrumb","itemListElement":[{"@type":"ListItem","position":1,"name":"Home","item":"https:\/\/bikewash.lt\/"},{"@type":"ListItem","position":2,"name":"Parduotuv\u0117","item":"https:\/\/bikewash.lt\/parduotuve\/"},{"@type":"ListItem","position":3,"name":"\u201eAqua2go\u201c mobilus sl\u0117ginis ploviklis"}]},{"@type":"WebSite","@id":"https:\/\/bikewash.lt\/#website","url":"https:\/\/bikewash.lt\/","name":"Dvira\u010di\u0173 plovyklos","description":"Dvira\u010di\u0173, paspirtuk\u0173 plovykla ir lauko kavin\u0117.","publisher":{"@id":"https:\/\/bikewash.lt\/#organization"},"potentialAction":[{"@type":"SearchAction","target":{"@type":"EntryPoint","urlTemplate":"https:\/\/bikewash.lt\/?s={search_term_string}"},"query-input":{"@type":"PropertyValueSpecification","valueRequired":true,"valueName":"search_term_string"}}],"inLanguage":"en-GB"},{"@type":"Organization","@id":"https:\/\/bikewash.lt\/#organization","name":"Bikewash","url":"https:\/\/bikewash.lt\/","logo":{"@type":"ImageObject","inLanguage":"en-GB","@id":"https:\/\/bikewash.lt\/#\/schema\/logo\/image\/","url":"https:\/\/bikewash.lt\/wp-content\/uploads\/2023\/02\/cropped-cropped-BIKEWASH-LOGO-e1680251683988.png","contentUrl":"https:\/\/bikewash.lt\/wp-content\/uploads\/2023\/02\/cropped-cropped-BIKEWASH-LOGO-e1680251683988.png","width":800,"height":220,"caption":"Bikewash"},"image":{"@id":"https:\/\/bikewash.lt\/#\/schema\/logo\/image\/"},"sameAs":["https:\/\/www.facebook.com\/bikewashLT\/","https:\/\/www.instagram.com\/bikewashlt\/","https:\/\/www.tiktok.com\/@bikewash"]}]}},"jetpack_sharing_enabled":true,"_links":{"self":[{"href":"https:\/\/bikewash.lt\/en\/wp-json\/wp\/v2\/product\/6796"}],"collection":[{"href":"https:\/\/bikewash.lt\/en\/wp-json\/wp\/v2\/product"}],"about":[{"href":"https:\/\/bikewash.lt\/en\/wp-json\/wp\/v2\/types\/product"}],"version-history":[{"count":0,"href":"https:\/\/bikewash.lt\/en\/wp-json\/wp\/v2\/product\/6796\/revisions"}],"wp:featuredmedia":[{"embeddable":true,"href":"https:\/\/bikewash.lt\/en\/wp-json\/wp\/v2\/media\/6811"}],"wp:attachment":[{"href":"https:\/\/bikewash.lt\/en\/wp-json\/wp\/v2\/media?parent=6796"}],"wp:term":[{"taxonomy":"product_brand","embeddable":true,"href":"https:\/\/bikewash.lt\/en\/wp-json\/wp\/v2\/product_brand?post=6796"},{"taxonomy":"product_cat","embeddable":true,"href":"https:\/\/bikewash.lt\/en\/wp-json\/wp\/v2\/product_cat?post=6796"},{"taxonomy":"product_tag","embeddable":true,"href":"https:\/\/bikewash.lt\/en\/wp-json\/wp\/v2\/product_tag?post=6796"}],"curies":[{"name":"wp","href":"https:\/\/api.w.org\/{rel}","templated":true}]}}